{"id":3,"date":"2021-02-17T17:18:37","date_gmt":"2021-02-17T17:18:37","guid":{"rendered":"https:\/\/kinderambulatorium.com\/?page_id=3"},"modified":"2025-05-08T16:30:13","modified_gmt":"2025-05-08T14:30:13","slug":"datenschutz","status":"publish","type":"page","link":"https:\/\/kinderambulatorium.com\/en\/datenschutz\/","title":{"rendered":"data protection"},"content":{"rendered":"<div data-elementor-type=\"wp-page\" data-elementor-id=\"3\" class=\"elementor elementor-3\" data-elementor-settings=\"{&quot;ha_cmc_init_switcher&quot;:&quot;no&quot;}\" data-elementor-post-type=\"page\">\n\t\t\t\t\t\t<section class=\"elementor-section elementor-top-section elementor-element elementor-element-6d81b7d6 elementor-section-boxed elementor-section-height-default elementor-section-height-default\" data-id=\"6d81b7d6\" data-element_type=\"section\" data-e-type=\"section\" data-settings=\"{&quot;_ha_eqh_enable&quot;:false}\">\n\t\t\t\t\t\t<div class=\"elementor-container elementor-column-gap-default\">\n\t\t\t\t\t<div class=\"elementor-column elementor-col-100 elementor-top-column elementor-element elementor-element-28aafe\" data-id=\"28aafe\" data-element_type=\"column\" data-e-type=\"column\">\n\t\t\t<div class=\"elementor-widget-wrap elementor-element-populated\">\n\t\t\t\t\t\t<div class=\"elementor-element elementor-element-2ff50e73 elementor-widget elementor-widget-text-editor\" data-id=\"2ff50e73\" data-element_type=\"widget\" data-e-type=\"widget\" data-widget_type=\"text-editor.default\">\n\t\t\t\t<div class=\"elementor-widget-container\">\n\t\t\t\t\t\t\t\t\t<h2>data protection<\/h2>\n<p>The protection of personal data is taken very seriously and of course this website strictly adheres to the rules of data protection laws. Personal data is only collected on this website when you contact us. Under no circumstances will the collected data be sold.<\/p>\n<div class=\"entry-content clear\">\n<p>The data collected for this are:&nbsp;<\/p>\n<ul>\n<li>First name<\/li>\n<li>Last name<\/li>\n<li>address<\/li>\n<li>Postcode&nbsp;<\/li>\n<li>place<\/li>\n<li>country&nbsp;<\/li>\n<li>Phone number&nbsp;<\/li>\n<li>e-mail address<\/li>\n<\/ul>\n<p>If you do not agree to the storage of your data for this purpose, please send us an email. Your data will then be deleted immediately.&nbsp;<\/p>\n<p><strong>Data transmission and logging for internal system and statistical purposes<\/strong><\/p>\n<p>This website automatically collects and stores information in its server log files that your internet browser transmits to us. These are:<\/p>\n<ul>\n<li>Time of the server request<\/li>\n<li>operating system used<\/li>\n<li>Browser type \/ version<\/li>\n<li>Referrer URL&nbsp;<\/li>\n<li>IP address<\/li>\n<\/ul>\n<p>These data cannot be assigned to specific persons. A merging of this data with other data sources does not take place. The data will be deleted after a statistical evaluation.&nbsp;<\/p>\n<p><strong>Responsible person<\/strong><\/p>\n<p>The person responsible within the meaning of the EU General Data Protection Regulation (GDPR) is the natural or legal person who alone or jointly with others decides on the purposes and means of processing personal data. For the personal data processed on this website, the person responsible within the meaning of the GDPR is:&nbsp;<\/p>\n<p><\/p>\n<p><strong>Your rights<\/strong><\/p>\n<p>With regard to the personal data that we process about you, you have the following rights:<\/p>\n<p>You have the right to request confirmation from us as to whether we are processing personal data relating to you. If this is the case, we will notify you of the personal data stored about you and the other information.<\/p>\n<p>You have the right to have any incorrect personal data concerning you corrected immediately. Taking into account the purposes of the processing, you also have the right to request the completion of incomplete personal data - including by means of a supplementary declaration.<\/p>\n<p>We will inform all recipients of any correction or deletion of your personal data and restriction of processing to whom we have disclosed personal data relating to you, unless this proves impossible or involves a disproportionate effort. We will also inform you about these recipients if you request this.<\/p>\n<p>You have the right to receive the personal data that you have provided to us in a structured, common and machine-readable format and you can request that we transfer this data to another person responsible without hindrance, as far as this is technically possible.<\/p>\n<p>If data processing is based on your consent, you have the right to withdraw your consent at any time. Withdrawing your consent does not affect the legality of the data processing that took place up to your withdrawal.<\/p>\n<p><strong>Right to object<\/strong><\/p>\n<p>If you exercise your right of objection, we will no longer process the data concerned, unless we can prove compelling legitimate reasons for the processing that outweigh your interests, rights and freedoms, or that the processing of the assertion, exercise or Serves defense of legal claims.<\/p>\n<p><strong>Social media<\/strong><\/p>\n<p>Social media buttons can be displayed on our website; they can be recognized by the logos of the social media platforms. These are links to the respective platforms. Clicking on such a link calls up the website of the respective platform, whereby the IP address of the calling device and the address of the page from which the link is made are transmitted to the called platform in the USA. However, we ourselves do not collect or process any data in connection with the social media buttons.<\/p>\n<p><strong>Processor<\/strong><\/p>\n<p>To support our merchandise management (order management, invoicing, accounting, delivery and, if necessary, returns processing) we use the PayPal and Sofort services, to which we transfer data for order processing.<\/p>\n<p>As technical, we use the services of WordPress and WooCommerce as contract processors for the operation of our website on the Internet.&nbsp;<\/p>\n<p><strong>Use of cookies<\/strong><\/p>\n<p>When you visit our website, we place a &quot;cookie&quot; on your device. This is a small text file with which we can recognize your device. With the help of the cookie, we can also analyze certain user behavior, e.g. For example, which pages you look at, how long you stay on our site and when and how often you return to our website.&nbsp;<\/p>\n<p>You can prevent the creation of cookies by going to the cookie settings of your internet browser and objecting to the creation of cookies for our site or for all websites. You can also delete cookies that have already been stored there.<\/p>\n<\/div>\t\t\t\t\t\t\t\t<\/div>\n\t\t\t\t<\/div>\n\t\t\t\t\t<\/div>\n\t\t<\/div>\n\t\t\t\t\t<\/div>\n\t\t<\/section>\n\t\t\t\t<\/div>","protected":false},"excerpt":{"rendered":"<p>Datenschutz Der Schutz von pers\u00f6nlichen Daten wird sehr ernst genommen und diese Webseite h\u00e4lt sich selbstverst\u00e4ndlich strikt an die Regeln der Datenschutzgesetze. Auf dieser Website werden personenbezogene Daten nur wenn Sie mit uns in Kontakt treten erhoben. In keinem Fall werden die erhobenen Daten verkauft. Erhobene Daten daf\u00fcr sind: Vorname Nachname Adresse PLZ Ort Land [&hellip;]<\/p>\n","protected":false},"author":1,"featured_media":0,"parent":0,"menu_order":0,"comment_status":"closed","ping_status":"closed","template":"elementor_header_footer","meta":{"site-sidebar-layout":"default","site-content-layout":"","ast-site-content-layout":"default","site-content-style":"default","site-sidebar-style":"default","ast-global-header-display":"","ast-banner-title-visibility":"","ast-main-header-display":"","ast-hfb-above-header-display":"","ast-hfb-below-header-display":"","ast-hfb-mobile-header-display":"","site-post-title":"","ast-breadcrumbs-content":"","ast-featured-img":"","footer-sml-layout":"","ast-disable-related-posts":"","theme-transparent-header-meta":"default","adv-header-id-meta":"","stick-header-meta":"default","header-above-stick-meta":"","header-main-stick-meta":"","header-below-stick-meta":"","astra-migrate-meta-layouts":"set","ast-page-background-enabled":"default","ast-page-background-meta":{"desktop":{"background-color":"","background-image":"","background-repeat":"repeat","background-position":"center center","background-size":"auto","background-attachment":"scroll","background-type":"","background-media":"","overlay-type":"","overlay-color":"","overlay-opacity":"","overlay-gradient":""},"tablet":{"background-color":"","background-image":"","background-repeat":"repeat","background-position":"center center","background-size":"auto","background-attachment":"scroll","background-type":"","background-media":"","overlay-type":"","overlay-color":"","overlay-opacity":"","overlay-gradient":""},"mobile":{"background-color":"","background-image":"","background-repeat":"repeat","background-position":"center center","background-size":"auto","background-attachment":"scroll","background-type":"","background-media":"","overlay-type":"","overlay-color":"","overlay-opacity":"","overlay-gradient":""}},"ast-content-background-meta":{"desktop":{"background-color":"var(--ast-global-color-5)","background-image":"","background-repeat":"repeat","background-position":"center center","background-size":"auto","background-attachment":"scroll","background-type":"","background-media":"","overlay-type":"","overlay-color":"","overlay-opacity":"","overlay-gradient":""},"tablet":{"background-color":"var(--ast-global-color-5)","background-image":"","background-repeat":"repeat","background-position":"center center","background-size":"auto","background-attachment":"scroll","background-type":"","background-media":"","overlay-type":"","overlay-color":"","overlay-opacity":"","overlay-gradient":""},"mobile":{"background-color":"var(--ast-global-color-5)","background-image":"","background-repeat":"repeat","background-position":"center center","background-size":"auto","background-attachment":"scroll","background-type":"","background-media":"","overlay-type":"","overlay-color":"","overlay-opacity":"","overlay-gradient":""}},"footnotes":""},"class_list":["post-3","page","type-page","status-publish","hentry"],"_links":{"self":[{"href":"https:\/\/kinderambulatorium.com\/en\/wp-json\/wp\/v2\/pages\/3","targetHints":{"allow":["GET"]}}],"collection":[{"href":"https:\/\/kinderambulatorium.com\/en\/wp-json\/wp\/v2\/pages"}],"about":[{"href":"https:\/\/kinderambulatorium.com\/en\/wp-json\/wp\/v2\/types\/page"}],"author":[{"embeddable":true,"href":"https:\/\/kinderambulatorium.com\/en\/wp-json\/wp\/v2\/users\/1"}],"replies":[{"embeddable":true,"href":"https:\/\/kinderambulatorium.com\/en\/wp-json\/wp\/v2\/comments?post=3"}],"version-history":[{"count":11,"href":"https:\/\/kinderambulatorium.com\/en\/wp-json\/wp\/v2\/pages\/3\/revisions"}],"predecessor-version":[{"id":5199,"href":"https:\/\/kinderambulatorium.com\/en\/wp-json\/wp\/v2\/pages\/3\/revisions\/5199"}],"wp:attachment":[{"href":"https:\/\/kinderambulatorium.com\/en\/wp-json\/wp\/v2\/media?parent=3"}],"curies":[{"name":"wp","href":"https:\/\/api.w.org\/{rel}","templated":true}]}}