{"id":1273,"date":"2021-03-16T08:26:25","date_gmt":"2021-03-16T08:26:25","guid":{"rendered":"https:\/\/kinderambulatorium.com\/?page_id=1273"},"modified":"2026-03-23T10:03:03","modified_gmt":"2026-03-23T09:03:03","slug":"impressum","status":"publish","type":"page","link":"https:\/\/kinderambulatorium.com\/tr\/impressum\/","title":{"rendered":"bask\u0131"},"content":{"rendered":"<div data-elementor-type=\"wp-page\" data-elementor-id=\"1273\" class=\"elementor elementor-1273\" data-elementor-settings=\"{&quot;ha_cmc_init_switcher&quot;:&quot;no&quot;}\" data-elementor-post-type=\"page\">\n\t\t\t\t\t\t<section class=\"elementor-section elementor-top-section elementor-element elementor-element-7447143 elementor-section-boxed elementor-section-height-default elementor-section-height-default\" data-id=\"7447143\" data-element_type=\"section\" data-e-type=\"section\" data-settings=\"{&quot;_ha_eqh_enable&quot;:false}\">\n\t\t\t\t\t\t<div class=\"elementor-container elementor-column-gap-default\">\n\t\t\t\t\t<div class=\"elementor-column elementor-col-100 elementor-top-column elementor-element elementor-element-3ac6502\" data-id=\"3ac6502\" data-element_type=\"column\" data-e-type=\"column\">\n\t\t\t<div class=\"elementor-widget-wrap elementor-element-populated\">\n\t\t\t\t\t\t<div class=\"elementor-element elementor-element-e8bc5f4 elementor-widget elementor-widget-heading\" data-id=\"e8bc5f4\" data-element_type=\"widget\" data-e-type=\"widget\" data-widget_type=\"heading.default\">\n\t\t\t\t<div class=\"elementor-widget-container\">\n\t\t\t\t\t<h2 class=\"elementor-heading-title elementor-size-default\">bask\u0131<\/h2>\t\t\t\t<\/div>\n\t\t\t\t<\/div>\n\t\t\t\t<div class=\"elementor-element elementor-element-d6c261c elementor-widget elementor-widget-text-editor\" data-id=\"d6c261c\" data-element_type=\"widget\" data-e-type=\"widget\" data-widget_type=\"text-editor.default\">\n\t\t\t\t<div class=\"elementor-widget-container\">\n\t\t\t\t\t\t\t\t\t<p class=\"p1\">\u00c7ocuk Klini\u011fi<strong> Margareten Errichtungs- und Betriebs-GmbH<\/strong><\/p><p class=\"p1\"><strong>Adres:<\/strong><br \/>Margareteng\u00fcrtel 82-88, merdiven 10, oda 01, 1050 Viyana<\/p><p class=\"p1\"><strong>Giri\u015f:<\/strong><br \/>Siebenbrunnenfeldgasse 7, 1050 Viyana<\/p><p class=\"p1\"><strong>Telefon numaras\u0131:<\/strong><br \/>+43 1 544 44 45<\/p><p class=\"p1\">KDV numaras\u0131: ATU 75 37 13 12<br \/>\u015eirket numaras\u0131: FN 530223 s<br \/>Vergi numaras\u0131: 04 558\/1667<br \/>S\u00f6zle\u015fme orta\u011f\u0131 numaras\u0131: 509914<\/p><p class=\"p1\"><b>Denetim makam\u0131:\u00a0<\/b>\u00a0MA 40 ve MA 15<\/p><p class=\"p1\"><strong>Profesyonel dernek:<\/strong> Viyana Ticaret Odas\u0131<\/p><p class=\"p1\">E-posta y\u00f6netimi: <a href=\"mailto:verwaltung@kinderambulatorium.com\">verwaltung@kinderambulatorium.com<\/a><\/p><p>Genel e-posta: <a href=\"mailto:info@kinderambulatorium.com\">info@kinderambulatorium.com<\/a><\/p><p class=\"p1\">Dr. Y\u0131ld\u0131r\u0131m: <a href=\"mailto:sevinc.yildirim@kinderambulatorium.com\">sevinc.yildirim@kinderambulatorium.com<\/a><\/p><div class=\"container--base\"><div class=\"col-main\"><div id=\"content\" tabindex=\"-1\"><div id=\"c6057\" class=\"content__block\"><p><b>\u0130nternet sitesi:<\/b><br \/>Konsept, web tasar\u0131m\u0131, \u00f6n u\u00e7 geli\u015ftirme ve WP uygulamas\u0131: <br \/><a href=\"http:\/\/www.marketadvisor.at\" target=\"_blank\" rel=\"noopener\">Demirci ve Palma<\/a><b><\/b><\/p><p>G\u00f6rseller ve grafikler k\u0131smen Canva Pro ile olu\u015fturulmu\u015ftur.<br data-start=\"2068\" data-end=\"2071\" \/>\u00a9 Canva \/ kendi tasar\u0131m\u0131m<\/p><p><b>Marka ve kurumsal tasar\u0131m:<\/b><br \/>Harald Palma \/ PalmaDesign<\/p><\/div><\/div><\/div><\/div><footer id=\"footer\" role=\"contentinfo\"><div class=\"doormat\"><div class=\"container--base\"><div class=\"doormat__section doormat__section--menu\"><div class=\"doormat__menu\">\u00a0<\/div><\/div><\/div><\/div><\/footer>\t\t\t\t\t\t\t\t<\/div>\n\t\t\t\t<\/div>\n\t\t\t\t\t<\/div>\n\t\t<\/div>\n\t\t\t\t\t<\/div>\n\t\t<\/section>\n\t\t\t\t<\/div>","protected":false},"excerpt":{"rendered":"<p>Impressum Kinderambulatorium Margareten Errichtungs- und Betriebs-GmbH Adresse:Margareteng\u00fcrtel 82-88, Stiege 10, Raum 01, 1050 Wien Zugang:Siebenbrunnenfeldgasse 7, 1050 Wien Telefonnummer:+43 1 544 44 45 UID Nummer:\u00a0ATU 75 37 13 12Firmennummer: FN 530223 sSteuernummer:\u00a0\u00a004 558\/1667Vertragspartnernummer: 509914 Aufsichtsbeh\u00f6rde:\u00a0\u00a0MA 40 und MA 15 Berufsverband: Wirtschaftskammer Wien Email Verwaltung: verwaltung@kinderambulatorium.com Email Allgemein: info@kinderambulatorium.com Email Dr. Yildirim: sevinc.yildirim@kinderambulatorium.com Website:Konzept, Webdesign, Frontend-Development [&hellip;]<\/p>\n","protected":false},"author":1,"featured_media":0,"parent":0,"menu_order":0,"comment_status":"closed","ping_status":"closed","template":"elementor_header_footer","meta":{"site-sidebar-layout":"no-sidebar","site-content-layout":"page-builder","ast-site-content-layout":"default","site-content-style":"default","site-sidebar-style":"default","ast-global-header-display":"","ast-banner-title-visibility":"","ast-main-header-display":"","ast-hfb-above-header-display":"","ast-hfb-below-header-display":"","ast-hfb-mobile-header-display":"","site-post-title":"disabled","ast-breadcrumbs-content":"","ast-featured-img":"disabled","footer-sml-layout":"","ast-disable-related-posts":"","theme-transparent-header-meta":"default","adv-header-id-meta":"","stick-header-meta":"default","header-above-stick-meta":"","header-main-stick-meta":"","header-below-stick-meta":"","astra-migrate-meta-layouts":"default","ast-page-background-enabled":"default","ast-page-background-meta":{"desktop":{"background-color":"","background-image":"","background-repeat":"repeat","background-position":"center center","background-size":"auto","background-attachment":"scroll","background-type":"","background-media":"","overlay-type":"","overlay-color":"","overlay-opacity":"","overlay-gradient":""},"tablet":{"background-color":"","background-image":"","background-repeat":"repeat","background-position":"center center","background-size":"auto","background-attachment":"scroll","background-type":"","background-media":"","overlay-type":"","overlay-color":"","overlay-opacity":"","overlay-gradient":""},"mobile":{"background-color":"","background-image":"","background-repeat":"repeat","background-position":"center center","background-size":"auto","background-attachment":"scroll","background-type":"","background-media":"","overlay-type":"","overlay-color":"","overlay-opacity":"","overlay-gradient":""}},"ast-content-background-meta":{"desktop":{"background-color":"var(--ast-global-color-5)","background-image":"","background-repeat":"repeat","background-position":"center center","background-size":"auto","background-attachment":"scroll","background-type":"","background-media":"","overlay-type":"","overlay-color":"","overlay-opacity":"","overlay-gradient":""},"tablet":{"background-color":"var(--ast-global-color-5)","background-image":"","background-repeat":"repeat","background-position":"center center","background-size":"auto","background-attachment":"scroll","background-type":"","background-media":"","overlay-type":"","overlay-color":"","overlay-opacity":"","overlay-gradient":""},"mobile":{"background-color":"var(--ast-global-color-5)","background-image":"","background-repeat":"repeat","background-position":"center center","background-size":"auto","background-attachment":"scroll","background-type":"","background-media":"","overlay-type":"","overlay-color":"","overlay-opacity":"","overlay-gradient":""}},"footnotes":""},"class_list":["post-1273","page","type-page","status-publish","hentry"],"_links":{"self":[{"href":"https:\/\/kinderambulatorium.com\/tr\/wp-json\/wp\/v2\/pages\/1273","targetHints":{"allow":["GET"]}}],"collection":[{"href":"https:\/\/kinderambulatorium.com\/tr\/wp-json\/wp\/v2\/pages"}],"about":[{"href":"https:\/\/kinderambulatorium.com\/tr\/wp-json\/wp\/v2\/types\/page"}],"author":[{"embeddable":true,"href":"https:\/\/kinderambulatorium.com\/tr\/wp-json\/wp\/v2\/users\/1"}],"replies":[{"embeddable":true,"href":"https:\/\/kinderambulatorium.com\/tr\/wp-json\/wp\/v2\/comments?post=1273"}],"version-history":[{"count":52,"href":"https:\/\/kinderambulatorium.com\/tr\/wp-json\/wp\/v2\/pages\/1273\/revisions"}],"predecessor-version":[{"id":5772,"href":"https:\/\/kinderambulatorium.com\/tr\/wp-json\/wp\/v2\/pages\/1273\/revisions\/5772"}],"wp:attachment":[{"href":"https:\/\/kinderambulatorium.com\/tr\/wp-json\/wp\/v2\/media?parent=1273"}],"curies":[{"name":"wp","href":"https:\/\/api.w.org\/{rel}","templated":true}]}}