{"id":3,"date":"2021-02-17T17:18:37","date_gmt":"2021-02-17T17:18:37","guid":{"rendered":"https:\/\/kinderambulatorium.com\/?page_id=3"},"modified":"2025-05-08T16:30:13","modified_gmt":"2025-05-08T14:30:13","slug":"datenschutz","status":"publish","type":"page","link":"https:\/\/kinderambulatorium.com\/tr\/datenschutz\/","title":{"rendered":"veri korumas\u0131"},"content":{"rendered":"<div data-elementor-type=\"wp-page\" data-elementor-id=\"3\" class=\"elementor elementor-3\" data-elementor-settings=\"{&quot;ha_cmc_init_switcher&quot;:&quot;no&quot;}\" data-elementor-post-type=\"page\">\n\t\t\t\t\t\t<section class=\"elementor-section elementor-top-section elementor-element elementor-element-6d81b7d6 elementor-section-boxed elementor-section-height-default elementor-section-height-default\" data-id=\"6d81b7d6\" data-element_type=\"section\" data-e-type=\"section\" data-settings=\"{&quot;_ha_eqh_enable&quot;:false}\">\n\t\t\t\t\t\t<div class=\"elementor-container elementor-column-gap-default\">\n\t\t\t\t\t<div class=\"elementor-column elementor-col-100 elementor-top-column elementor-element elementor-element-28aafe\" data-id=\"28aafe\" data-element_type=\"column\" data-e-type=\"column\">\n\t\t\t<div class=\"elementor-widget-wrap elementor-element-populated\">\n\t\t\t\t\t\t<div class=\"elementor-element elementor-element-2ff50e73 elementor-widget elementor-widget-text-editor\" data-id=\"2ff50e73\" data-element_type=\"widget\" data-e-type=\"widget\" data-widget_type=\"text-editor.default\">\n\t\t\t\t<div class=\"elementor-widget-container\">\n\t\t\t\t\t\t\t\t\t<h2>veri korumas\u0131<\/h2>\n<p>Ki\u015fisel verilerin korunmas\u0131 \u00e7ok ciddiye al\u0131nmaktad\u0131r ve elbette bu web sitesi veri koruma kanunlar\u0131n\u0131n kurallar\u0131na s\u0131k\u0131 bir \u015fekilde uymaktad\u0131r. Ki\u015fisel veriler, yaln\u0131zca bizimle ileti\u015fime ge\u00e7ti\u011finizde bu web sitesinde toplan\u0131r. Toplanan veriler hi\u00e7bir ko\u015fulda sat\u0131lmayacakt\u0131r.<\/p>\n<div class=\"entry-content clear\">\n<p>Bunun i\u00e7in toplanan veriler:&nbsp;<\/p>\n<ul>\n<li>\u0130sim<\/li>\n<li>Soyad\u0131<\/li>\n<li>adres<\/li>\n<li>Posta kodu&nbsp;<\/li>\n<li>yer<\/li>\n<li>\u00fclke&nbsp;<\/li>\n<li>Telefon numaras\u0131&nbsp;<\/li>\n<li>e<\/li>\n<\/ul>\n<p>Verilerinizin bu ama\u00e7la saklanmas\u0131n\u0131 kabul etmiyorsan\u0131z, l\u00fctfen bize bir e-posta g\u00f6nderin. Verileriniz daha sonra hemen silinecektir.&nbsp;<\/p>\n<p><strong>Dahili sistem ve istatistiksel ama\u00e7lar i\u00e7in veri aktar\u0131m\u0131 ve kayd\u0131<\/strong><\/p>\n<p>Bu web sitesi, internet taray\u0131c\u0131n\u0131z\u0131n bize iletti\u011fi bilgileri sunucu g\u00fcnl\u00fck dosyalar\u0131nda otomatik olarak toplar ve depolar. Bunlar:<\/p>\n<ul>\n<li>Sunucu talebinin zaman\u0131<\/li>\n<li>kullan\u0131lan i\u015fletim sistemi<\/li>\n<li>Taray\u0131c\u0131 tipi \/ s\u00fcr\u00fcm\u00fc<\/li>\n<li>Y\u00f6nlendiren URL&nbsp;<\/li>\n<li>IP adresi<\/li>\n<\/ul>\n<p>Bu veriler belirli ki\u015filere atanamaz. Bu verilerin di\u011fer veri kaynaklar\u0131yla birle\u015ftirilmesi ger\u00e7ekle\u015fmez. Veriler istatistiksel bir de\u011ferlendirmeden sonra silinecektir.&nbsp;<\/p>\n<p><strong>Sorumluluk sahibi ki\u015fi<\/strong><\/p>\n<p>AB Genel Veri Koruma Y\u00f6netmeli\u011fi (GDPR) anlam\u0131nda sorumlu ki\u015fi, ki\u015fisel verilerin i\u015flenme ama\u00e7lar\u0131na ve y\u00f6ntemlerine tek ba\u015f\u0131na veya ba\u015fkalar\u0131yla birlikte karar veren ger\u00e7ek veya t\u00fczel ki\u015fidir. Bu web sitesinde i\u015flenen ki\u015fisel veriler i\u00e7in GDPR anlam\u0131nda sorumlu ki\u015fi:&nbsp;<\/p>\n<p><\/p>\n<p><strong>Haklar\u0131n\u0131z<\/strong><\/p>\n<p>Hakk\u0131n\u0131zda i\u015fledi\u011fimiz ki\u015fisel verilerle ilgili olarak a\u015fa\u011f\u0131daki haklara sahipsiniz:<\/p>\n<p>Sizinle ilgili ki\u015fisel verileri i\u015fleyip i\u015flemedi\u011fimiz konusunda bizden onay talep etme hakk\u0131na sahipsiniz. Bu durumda, hakk\u0131n\u0131zda depolanan ki\u015fisel verileri ve di\u011fer bilgileri size bildirece\u011fiz.<\/p>\n<p>Sizinle ilgili herhangi bir yanl\u0131\u015f ki\u015fisel verinin derhal d\u00fczeltilmesini isteme hakk\u0131na sahipsiniz. \u0130\u015flemenin ama\u00e7lar\u0131n\u0131 dikkate alarak, tamamlanmam\u0131\u015f ki\u015fisel verilerin tamamlanmas\u0131n\u0131 talep etme hakk\u0131na da sahipsiniz - ek bir beyan yoluyla da dahil.<\/p>\n<p>Bu imkans\u0131z olmad\u0131\u011f\u0131 veya orant\u0131s\u0131z bir \u00e7aba gerektirmedi\u011fi s\u00fcrece, ki\u015fisel verilerinizin d\u00fczeltilmesi veya silinmesi ve sizinle ilgili ki\u015fisel verileri if\u015fa etti\u011fimiz i\u015flemlerin k\u0131s\u0131tlanmas\u0131 konusunda t\u00fcm al\u0131c\u0131lar\u0131 bilgilendirece\u011fiz. Bunu talep ederseniz, sizi bu al\u0131c\u0131lar hakk\u0131nda da bilgilendirece\u011fiz.<\/p>\n<p>Bize sa\u011flad\u0131\u011f\u0131n\u0131z ki\u015fisel verileri yap\u0131land\u0131r\u0131lm\u0131\u015f, ortak ve makine taraf\u0131ndan okunabilir bir formatta alma hakk\u0131na sahipsiniz ve bu verileri teknik olarak m\u00fcmk\u00fcn oldu\u011fu s\u00fcrece herhangi bir engel olmaks\u0131z\u0131n sorumlu ba\u015fka bir ki\u015fiye aktarmam\u0131z\u0131 talep edebilirsiniz.<\/p>\n<p>Veri i\u015fleme izninize dayan\u0131yorsa, onay\u0131n\u0131z\u0131 istedi\u011finiz zaman geri \u00e7ekme hakk\u0131na sahipsiniz. Onay\u0131n\u0131z\u0131 geri \u00e7ekmeniz, geri \u00e7ekili\u015finize kadar ger\u00e7ekle\u015fen veri i\u015flemenin yasall\u0131\u011f\u0131n\u0131 etkilemez.<\/p>\n<p><strong>\u0130tiraz hakk\u0131<\/strong><\/p>\n<p>\u0130tiraz hakk\u0131n\u0131z\u0131 kullan\u0131rsan\u0131z, i\u015fleme i\u00e7in \u00e7\u0131karlar\u0131n\u0131z, haklar\u0131n\u0131z ve \u00f6zg\u00fcrl\u00fcklerinizden daha a\u011f\u0131r basan me\u015fru gerek\u00e7eler kan\u0131tlayamad\u0131\u011f\u0131m\u0131z veya iddian\u0131n i\u015flenmesinin, uygulanmas\u0131n\u0131n veya hukukun savunulmas\u0131na hizmet etmedi\u011fi s\u00fcrece art\u0131k ilgili verileri i\u015flemeyece\u011fiz. iddialar.<\/p>\n<p><strong>Sosyal medya<\/strong><\/p>\n<p>Sosyal medya d\u00fc\u011fmeleri web sitemizde g\u00f6r\u00fcnt\u00fclenebilir; sosyal medya platformlar\u0131n\u0131n logolar\u0131 ile tan\u0131nabilirler. Bunlar, ilgili platformlara ba\u011flant\u0131lard\u0131r. B\u00f6yle bir ba\u011flant\u0131ya t\u0131klamak, ilgili platformun web sitesini \u00e7a\u011f\u0131r\u0131r, burada arayan cihaz\u0131n IP adresi ve ba\u011flant\u0131n\u0131n yap\u0131ld\u0131\u011f\u0131 sayfan\u0131n adresi ABD&#039;de aranan platforma iletilir. Bununla birlikte, sosyal medya d\u00fc\u011fmeleriyle ba\u011flant\u0131l\u0131 olarak herhangi bir veri toplam\u0131yoruz veya i\u015flemiyoruz.<\/p>\n<p><strong>\u0130\u015flemci<\/strong><\/p>\n<p>\u00dcr\u00fcn y\u00f6netimimizi desteklemek i\u00e7in (sipari\u015f y\u00f6netimi, faturalama, muhasebe, teslimat ve gerekirse iade i\u015fleme), sipari\u015f i\u015fleme i\u00e7in verileri aktard\u0131\u011f\u0131m\u0131z PayPal ve Sofort hizmetlerini kullan\u0131yoruz.<\/p>\n<p>Teknik olarak, web sitemizin \u0130nternet \u00fczerinde \u00e7al\u0131\u015fmas\u0131 i\u00e7in i\u015flemci olarak WordPress ve WooCommerce hizmetlerini kullan\u0131yoruz.&nbsp;<\/p>\n<p><strong>\u00c7erez kullan\u0131m\u0131<\/strong><\/p>\n<p>Web sitemizi ziyaret etti\u011finizde, cihaz\u0131n\u0131za bir &quot;\u00e7erez&quot; yerle\u015ftiririz. Bu, cihaz\u0131n\u0131z\u0131 tan\u0131yabilece\u011fimiz k\u00fc\u00e7\u00fck bir metin dosyas\u0131d\u0131r. \u00c7erez yard\u0131m\u0131yla belirli kullan\u0131c\u0131 davran\u0131\u015flar\u0131n\u0131 da analiz edebiliriz, \u00f6rn. \u00d6rne\u011fin hangi sayfalara bak\u0131yorsunuz, sitemizde ne kadar kal\u0131yorsunuz ve web sitemize ne zaman ve ne s\u0131kl\u0131kla d\u00f6n\u00fcyorsunuz.&nbsp;<\/p>\n<p>\u0130nternet taray\u0131c\u0131n\u0131z\u0131n \u00e7erez ayarlar\u0131na giderek sitemiz veya t\u00fcm web siteleri i\u00e7in \u00e7erez olu\u015fturulmas\u0131na itiraz ederek \u00e7erezlerin olu\u015fturulmas\u0131n\u0131 engelleyebilirsiniz. Ayr\u0131ca daha \u00f6nce orada saklanm\u0131\u015f olan \u00e7erezleri de silebilirsiniz.<\/p>\n<\/div>\t\t\t\t\t\t\t\t<\/div>\n\t\t\t\t<\/div>\n\t\t\t\t\t<\/div>\n\t\t<\/div>\n\t\t\t\t\t<\/div>\n\t\t<\/section>\n\t\t\t\t<\/div>","protected":false},"excerpt":{"rendered":"<p>Datenschutz Der Schutz von pers\u00f6nlichen Daten wird sehr ernst genommen und diese Webseite h\u00e4lt sich selbstverst\u00e4ndlich strikt an die Regeln der Datenschutzgesetze. Auf dieser Website werden personenbezogene Daten nur wenn Sie mit uns in Kontakt treten erhoben. In keinem Fall werden die erhobenen Daten verkauft. Erhobene Daten daf\u00fcr sind: Vorname Nachname Adresse PLZ Ort Land [&hellip;]<\/p>\n","protected":false},"author":1,"featured_media":0,"parent":0,"menu_order":0,"comment_status":"closed","ping_status":"closed","template":"elementor_header_footer","meta":{"site-sidebar-layout":"default","site-content-layout":"","ast-site-content-layout":"default","site-content-style":"default","site-sidebar-style":"default","ast-global-header-display":"","ast-banner-title-visibility":"","ast-main-header-display":"","ast-hfb-above-header-display":"","ast-hfb-below-header-display":"","ast-hfb-mobile-header-display":"","site-post-title":"","ast-breadcrumbs-content":"","ast-featured-img":"","footer-sml-layout":"","ast-disable-related-posts":"","theme-transparent-header-meta":"default","adv-header-id-meta":"","stick-header-meta":"default","header-above-stick-meta":"","header-main-stick-meta":"","header-below-stick-meta":"","astra-migrate-meta-layouts":"set","ast-page-background-enabled":"default","ast-page-background-meta":{"desktop":{"background-color":"","background-image":"","background-repeat":"repeat","background-position":"center center","background-size":"auto","background-attachment":"scroll","background-type":"","background-media":"","overlay-type":"","overlay-color":"","overlay-opacity":"","overlay-gradient":""},"tablet":{"background-color":"","background-image":"","background-repeat":"repeat","background-position":"center center","background-size":"auto","background-attachment":"scroll","background-type":"","background-media":"","overlay-type":"","overlay-color":"","overlay-opacity":"","overlay-gradient":""},"mobile":{"background-color":"","background-image":"","background-repeat":"repeat","background-position":"center center","background-size":"auto","background-attachment":"scroll","background-type":"","background-media":"","overlay-type":"","overlay-color":"","overlay-opacity":"","overlay-gradient":""}},"ast-content-background-meta":{"desktop":{"background-color":"var(--ast-global-color-5)","background-image":"","background-repeat":"repeat","background-position":"center center","background-size":"auto","background-attachment":"scroll","background-type":"","background-media":"","overlay-type":"","overlay-color":"","overlay-opacity":"","overlay-gradient":""},"tablet":{"background-color":"var(--ast-global-color-5)","background-image":"","background-repeat":"repeat","background-position":"center center","background-size":"auto","background-attachment":"scroll","background-type":"","background-media":"","overlay-type":"","overlay-color":"","overlay-opacity":"","overlay-gradient":""},"mobile":{"background-color":"var(--ast-global-color-5)","background-image":"","background-repeat":"repeat","background-position":"center center","background-size":"auto","background-attachment":"scroll","background-type":"","background-media":"","overlay-type":"","overlay-color":"","overlay-opacity":"","overlay-gradient":""}},"footnotes":""},"class_list":["post-3","page","type-page","status-publish","hentry"],"_links":{"self":[{"href":"https:\/\/kinderambulatorium.com\/tr\/wp-json\/wp\/v2\/pages\/3","targetHints":{"allow":["GET"]}}],"collection":[{"href":"https:\/\/kinderambulatorium.com\/tr\/wp-json\/wp\/v2\/pages"}],"about":[{"href":"https:\/\/kinderambulatorium.com\/tr\/wp-json\/wp\/v2\/types\/page"}],"author":[{"embeddable":true,"href":"https:\/\/kinderambulatorium.com\/tr\/wp-json\/wp\/v2\/users\/1"}],"replies":[{"embeddable":true,"href":"https:\/\/kinderambulatorium.com\/tr\/wp-json\/wp\/v2\/comments?post=3"}],"version-history":[{"count":11,"href":"https:\/\/kinderambulatorium.com\/tr\/wp-json\/wp\/v2\/pages\/3\/revisions"}],"predecessor-version":[{"id":5199,"href":"https:\/\/kinderambulatorium.com\/tr\/wp-json\/wp\/v2\/pages\/3\/revisions\/5199"}],"wp:attachment":[{"href":"https:\/\/kinderambulatorium.com\/tr\/wp-json\/wp\/v2\/media?parent=3"}],"curies":[{"name":"wp","href":"https:\/\/api.w.org\/{rel}","templated":true}]}}